{"id":1076,"date":"2021-08-12T06:38:20","date_gmt":"2021-08-12T06:38:20","guid":{"rendered":"https:\/\/www.cathedrale-geneve.ch\/the-origins\/"},"modified":"2023-09-19T15:26:27","modified_gmt":"2023-09-19T15:26:27","slug":"the-origins","status":"publish","type":"page","link":"https:\/\/new.cathedrale-geneve.ch\/en\/the-origins\/","title":{"rendered":"The origins"},"content":{"rendered":"\n<h2>\n\t\tOrigines de la cath\u00e9drale Saint-Pierre\n\t<\/h2>\n\t<p>D\u00e9j\u00e0 attest\u00e9e vers 4500-4000 avant J.-C., \u00e0 l&#8217;emplacement de Saint-Gervais, la pr\u00e9sence d&#8217;habitants \u00e0 Gen\u00e8ve se poursuit durant le N\u00e9olithique, dans la rade ou le long des rives du lac. Ces villages s&#8217;\u00e9tendent largement durant l&#8217;\u00e2ge du Bronze. Sur la rive gauche, une agglom\u00e9ration est attest\u00e9e \u00e0 la fin du IIe si\u00e8cle avant J.-C. . Apr\u00e8s la conqu\u00eate de la Gaule transalpine par les Romains et la d\u00e9faite des Allobroges, Gen\u00e8ve devient un carrefour militaire et commercial important aux confins de l&#8217;Empire romain. \u00a0Aucun \u00e9tablissement important ne para\u00eet avoir exist\u00e9 sur la colline de Saint-Pierre avant le passage de C\u00e9sar, hormis un sanctuaire \u00e9difi\u00e9 au I<sup>er<\/sup>\u00a0si\u00e8cle avant J.-C. sur la tombe d&#8217;un personnage allobroge important, sur l&#8217;emplacement duquel succ\u00e9dera un sanctuaire romain. Des entrep\u00f4ts, un \u00e9difice public et des habitations sont construits pr\u00e8s du port.<\/p>\n<p>Au IV<sup>e<\/sup>\u00a0si\u00e8cle de notre \u00e8re, Gen\u00e8ve devient le si\u00e8ge d&#8217;un \u00e9v\u00each\u00e9. Un premier \u00e9difice chr\u00e9tien est construit sur la colline (entre 350 et 375), \u00a0sur les ruines du sanctuaire romain. Cette \u00abcath\u00e9drale nord\u00bb et un premier baptist\u00e8re seront rapidement doubl\u00e9s par une cath\u00e9drale sud, un deuxi\u00e8me baptist\u00e8re et un atrium.<\/p>\n<p>Suite \u00e0 un incendie qui touche la cath\u00e9drale nord en 500, le roi burgonde Sigismond la reconstruit et demande au pape Symmaque des reliques de Saint Pierre.<\/p>\n<p>A la fin du V<sup>e<\/sup>\u00a0et au VI<sup>e<\/sup>\u00a0si\u00e8cle, le groupe \u00e9piscopal s&#8217;\u00e9largit de nouveaux b\u00e2timents.<\/p>\n<p>Aux VI<sup>e<\/sup>\u00a0et VII<sup>e<\/sup>\u00a0si\u00e8cles, une troisi\u00e8me cath\u00e9drale (orientale) compl\u00e8te l&#8217;ensemble.<\/p>\n<p>Aux IX<sup>e<\/sup>\u00a0et X<sup>e<\/sup>\u00a0si\u00e8cles, la cath\u00e9drale orientale s&#8217;agrandit par-dessus les baptist\u00e8res.<\/p>\n<p>Vers l&#8217;an Mil, cette cath\u00e9drale orientale remplace les trois \u00e9glises \u00e9piscopales (<a href=\"http:\/\/www.site-archeologique.ch\/\" target=\"_blank\" rel=\"noopener\">www.site-archeologique.ch<\/a>)<\/p>\n\t\t\t\t<img decoding=\"async\" src=\"https:\/\/new.cathedrale-geneve.ch\/wp-content\/uploads\/2021\/08\/FILE_1628750358813.jpg\" alt=\"FILE_1628750358813\" itemprop=\"image\" title=\"FILE_1628750358813\" onerror=\"this.style.display='none'\"  \/>\n\n","protected":false},"excerpt":{"rendered":"<p>Origines de la cath\u00e9drale Saint-Pierre D\u00e9j\u00e0 attest\u00e9e vers 4500-4000 avant J.-C., \u00e0 l&#8217;emplacement de Saint-Gervais, la pr\u00e9sence d&#8217;habitants \u00e0 Gen\u00e8ve se poursuit durant le N\u00e9olithique, dans la rade ou le long des rives du lac. Ces villages s&#8217;\u00e9tendent largement durant l&#8217;\u00e2ge du Bronze. Sur la rive gauche, une agglom\u00e9ration est attest\u00e9e \u00e0 la fin du&hellip;<\/p>\n","protected":false},"author":2,"featured_media":0,"parent":0,"menu_order":0,"comment_status":"closed","ping_status":"closed","template":"","meta":{"footnotes":""},"class_list":["post-1076","page","type-page","status-publish","hentry"],"yoast_head":"<!-- This site is optimized with the Yoast SEO plugin v21.7 - https:\/\/yoast.com\/wordpress\/plugins\/seo\/ -->\n<title>The origins - Fondation des Clefs de St-Pierre<\/title>\n<meta name=\"robots\" content=\"index, follow, max-snippet:-1, max-image-preview:large, max-video-preview:-1\" \/>\n<link rel=\"canonical\" href=\"https:\/\/new.cathedrale-geneve.ch\/en\/the-origins\/\" \/>\n<meta property=\"og:locale\" content=\"en_US\" \/>\n<meta property=\"og:type\" content=\"article\" \/>\n<meta property=\"og:title\" content=\"The origins - Fondation des Clefs de St-Pierre\" \/>\n<meta property=\"og:description\" content=\"Origines de la cath\u00e9drale Saint-Pierre D\u00e9j\u00e0 attest\u00e9e vers 4500-4000 avant J.-C., \u00e0 l&#8217;emplacement de Saint-Gervais, la pr\u00e9sence d&#8217;habitants \u00e0 Gen\u00e8ve se poursuit durant le N\u00e9olithique, dans la rade ou le long des rives du lac. Ces villages s&#8217;\u00e9tendent largement durant l&#8217;\u00e2ge du Bronze. Sur la rive gauche, une agglom\u00e9ration est attest\u00e9e \u00e0 la fin du&hellip;\" \/>\n<meta property=\"og:url\" content=\"https:\/\/new.cathedrale-geneve.ch\/en\/the-origins\/\" \/>\n<meta property=\"og:site_name\" content=\"Fondation des Clefs de St-Pierre\" \/>\n<meta property=\"article:modified_time\" content=\"2023-09-19T15:26:27+00:00\" \/>\n<meta property=\"og:image\" content=\"https:\/\/new.cathedrale-geneve.ch\/wp-content\/uploads\/2021\/08\/FILE_1628750358813.jpg\" \/>\n<meta name=\"twitter:card\" content=\"summary_large_image\" \/>\n<meta name=\"twitter:label1\" content=\"Est. reading time\" \/>\n\t<meta name=\"twitter:data1\" content=\"2 minutes\" \/>\n<script type=\"application\/ld+json\" class=\"yoast-schema-graph\">{\"@context\":\"https:\/\/schema.org\",\"@graph\":[{\"@type\":\"WebPage\",\"@id\":\"https:\/\/new.cathedrale-geneve.ch\/en\/the-origins\/\",\"url\":\"https:\/\/new.cathedrale-geneve.ch\/en\/the-origins\/\",\"name\":\"The origins - Fondation des Clefs de St-Pierre\",\"isPartOf\":{\"@id\":\"https:\/\/new.cathedrale-geneve.ch\/en\/#website\"},\"datePublished\":\"2021-08-12T06:38:20+00:00\",\"dateModified\":\"2023-09-19T15:26:27+00:00\",\"breadcrumb\":{\"@id\":\"https:\/\/new.cathedrale-geneve.ch\/en\/the-origins\/#breadcrumb\"},\"inLanguage\":\"en-US\",\"potentialAction\":[{\"@type\":\"ReadAction\",\"target\":[\"https:\/\/new.cathedrale-geneve.ch\/en\/the-origins\/\"]}]},{\"@type\":\"BreadcrumbList\",\"@id\":\"https:\/\/new.cathedrale-geneve.ch\/en\/the-origins\/#breadcrumb\",\"itemListElement\":[{\"@type\":\"ListItem\",\"position\":1,\"name\":\"Home\",\"item\":\"https:\/\/new.cathedrale-geneve.ch\/en\/\"},{\"@type\":\"ListItem\",\"position\":2,\"name\":\"The origins\"}]},{\"@type\":\"WebSite\",\"@id\":\"https:\/\/new.cathedrale-geneve.ch\/en\/#website\",\"url\":\"https:\/\/new.cathedrale-geneve.ch\/en\/\",\"name\":\"Fondation des Clefs de St-Pierre\",\"description\":\"Cath\u00e9drale Saint-Pierre Gen\u00e8ve\",\"potentialAction\":[{\"@type\":\"SearchAction\",\"target\":{\"@type\":\"EntryPoint\",\"urlTemplate\":\"https:\/\/new.cathedrale-geneve.ch\/en\/?s={search_term_string}\"},\"query-input\":\"required name=search_term_string\"}],\"inLanguage\":\"en-US\"}]}<\/script>\n<!-- \/ Yoast SEO plugin. -->","yoast_head_json":{"title":"The origins - Fondation des Clefs de St-Pierre","robots":{"index":"index","follow":"follow","max-snippet":"max-snippet:-1","max-image-preview":"max-image-preview:large","max-video-preview":"max-video-preview:-1"},"canonical":"https:\/\/new.cathedrale-geneve.ch\/en\/the-origins\/","og_locale":"en_US","og_type":"article","og_title":"The origins - Fondation des Clefs de St-Pierre","og_description":"Origines de la cath\u00e9drale Saint-Pierre D\u00e9j\u00e0 attest\u00e9e vers 4500-4000 avant J.-C., \u00e0 l&#8217;emplacement de Saint-Gervais, la pr\u00e9sence d&#8217;habitants \u00e0 Gen\u00e8ve se poursuit durant le N\u00e9olithique, dans la rade ou le long des rives du lac. Ces villages s&#8217;\u00e9tendent largement durant l&#8217;\u00e2ge du Bronze. Sur la rive gauche, une agglom\u00e9ration est attest\u00e9e \u00e0 la fin du&hellip;","og_url":"https:\/\/new.cathedrale-geneve.ch\/en\/the-origins\/","og_site_name":"Fondation des Clefs de St-Pierre","article_modified_time":"2023-09-19T15:26:27+00:00","og_image":[{"url":"https:\/\/new.cathedrale-geneve.ch\/wp-content\/uploads\/2021\/08\/FILE_1628750358813.jpg"}],"twitter_card":"summary_large_image","twitter_misc":{"Est. reading time":"2 minutes"},"schema":{"@context":"https:\/\/schema.org","@graph":[{"@type":"WebPage","@id":"https:\/\/new.cathedrale-geneve.ch\/en\/the-origins\/","url":"https:\/\/new.cathedrale-geneve.ch\/en\/the-origins\/","name":"The origins - Fondation des Clefs de St-Pierre","isPartOf":{"@id":"https:\/\/new.cathedrale-geneve.ch\/en\/#website"},"datePublished":"2021-08-12T06:38:20+00:00","dateModified":"2023-09-19T15:26:27+00:00","breadcrumb":{"@id":"https:\/\/new.cathedrale-geneve.ch\/en\/the-origins\/#breadcrumb"},"inLanguage":"en-US","potentialAction":[{"@type":"ReadAction","target":["https:\/\/new.cathedrale-geneve.ch\/en\/the-origins\/"]}]},{"@type":"BreadcrumbList","@id":"https:\/\/new.cathedrale-geneve.ch\/en\/the-origins\/#breadcrumb","itemListElement":[{"@type":"ListItem","position":1,"name":"Home","item":"https:\/\/new.cathedrale-geneve.ch\/en\/"},{"@type":"ListItem","position":2,"name":"The origins"}]},{"@type":"WebSite","@id":"https:\/\/new.cathedrale-geneve.ch\/en\/#website","url":"https:\/\/new.cathedrale-geneve.ch\/en\/","name":"Fondation des Clefs de St-Pierre","description":"Cath\u00e9drale Saint-Pierre Gen\u00e8ve","potentialAction":[{"@type":"SearchAction","target":{"@type":"EntryPoint","urlTemplate":"https:\/\/new.cathedrale-geneve.ch\/en\/?s={search_term_string}"},"query-input":"required name=search_term_string"}],"inLanguage":"en-US"}]}},"_links":{"self":[{"href":"https:\/\/new.cathedrale-geneve.ch\/en\/wp-json\/wp\/v2\/pages\/1076","targetHints":{"allow":["GET"]}}],"collection":[{"href":"https:\/\/new.cathedrale-geneve.ch\/en\/wp-json\/wp\/v2\/pages"}],"about":[{"href":"https:\/\/new.cathedrale-geneve.ch\/en\/wp-json\/wp\/v2\/types\/page"}],"author":[{"embeddable":true,"href":"https:\/\/new.cathedrale-geneve.ch\/en\/wp-json\/wp\/v2\/users\/2"}],"replies":[{"embeddable":true,"href":"https:\/\/new.cathedrale-geneve.ch\/en\/wp-json\/wp\/v2\/comments?post=1076"}],"version-history":[{"count":2,"href":"https:\/\/new.cathedrale-geneve.ch\/en\/wp-json\/wp\/v2\/pages\/1076\/revisions"}],"predecessor-version":[{"id":1134,"href":"https:\/\/new.cathedrale-geneve.ch\/en\/wp-json\/wp\/v2\/pages\/1076\/revisions\/1134"}],"wp:attachment":[{"href":"https:\/\/new.cathedrale-geneve.ch\/en\/wp-json\/wp\/v2\/media?parent=1076"}],"curies":[{"name":"wp","href":"https:\/\/api.w.org\/{rel}","templated":true}]}}